{"id":8077,"date":"2022-04-26T11:20:59","date_gmt":"2022-04-26T11:20:59","guid":{"rendered":"https:\/\/fanzine.pt\/privacy-policy\/"},"modified":"2025-12-19T19:08:25","modified_gmt":"2025-12-19T19:08:25","slug":"privacy-policy","status":"publish","type":"page","link":"https:\/\/fanzine.pt\/en\/privacy-policy\/","title":{"rendered":"Privacy Policy"},"content":{"rendered":"<div class=\"fusion-fullwidth fullwidth-box fusion-builder-row-1 fusion-flex-container has-pattern-background has-mask-background nonhundred-percent-fullwidth non-hundred-percent-height-scrolling\" style=\"--awb-border-radius-top-left:0px;--awb-border-radius-top-right:0px;--awb-border-radius-bottom-right:0px;--awb-border-radius-bottom-left:0px;--awb-padding-top:100px;--awb-padding-bottom:150px;--awb-padding-top-small:50px;--awb-padding-bottom-small:50px;--awb-flex-wrap:wrap;\" ><div class=\"fusion-builder-row fusion-row fusion-flex-align-items-flex-start fusion-flex-content-wrap\" style=\"max-width:1248px;margin-left: calc(-4% \/ 2 );margin-right: calc(-4% \/ 2 );\"><div class=\"fusion-layout-column fusion_builder_column fusion-builder-column-0 fusion_builder_column_1_1 1_1 fusion-flex-column\" style=\"--awb-bg-size:cover;--awb-width-large:100%;--awb-margin-top-large:0px;--awb-spacing-right-large:1.92%;--awb-margin-bottom-large:20px;--awb-spacing-left-large:1.92%;--awb-width-medium:100%;--awb-order-medium:0;--awb-spacing-right-medium:1.92%;--awb-spacing-left-medium:1.92%;--awb-width-small:100%;--awb-order-small:0;--awb-spacing-right-small:1.92%;--awb-spacing-left-small:1.92%;\"><div class=\"fusion-column-wrapper fusion-column-has-shadow fusion-flex-justify-content-flex-start fusion-content-layout-column\"><div class=\"fusion-title title fusion-title-1 fusion-sep-none fusion-title-text fusion-title-size-one\" style=\"--awb-margin-bottom:20px;--awb-margin-bottom-small:20px;--awb-margin-bottom-medium:20px;\"><h1 class=\"fusion-title-heading title-heading-left\" style=\"margin:0;\">PRIVACY POLICY AND PERSONAL DATA PROCESSING<\/h1><\/div><div class=\"fusion-text fusion-text-1\"><p>The new General Data Protection Regulation (GDPR), which came into effect on May 25, 2018, establishes the rules regarding the protection and processing of personal data and applies directly to all entities that process such data in any member state of the European Union.<br \/>\nAt Edi\u00e7\u00f5es UV, Unipessoal Lda, our clients are always our highest priority, so it is essential that your data and privacy are always safeguarded. In this regard, we have developed a new Privacy Policy fully compliant with the new Regulation.<x id=\"gid_1\"><\/x>Edi\u00e7\u00f5es UV, Unipessoal Lda is the entity responsible for the processing of personal data. By providing your personal data, you agree to its collection and processing under the terms of this Privacy Policy.<br \/>\nThe information collected from our visitors is kept in accordance with this Privacy Policy to ensure careful handling of all personal information, specifically what data we collect and how we use it.<\/p>\n<\/div><div class=\"fusion-title title fusion-title-2 fusion-sep-none fusion-title-text fusion-title-size-two\" style=\"--awb-margin-top:40px;--awb-margin-bottom:20px;--awb-margin-top-small:40px;--awb-margin-bottom-small:20px;--awb-margin-top-medium:40px;--awb-margin-bottom-medium:20px;\"><h2 class=\"fusion-title-heading title-heading-left\" style=\"margin:0;\">DATA COLLECTED<\/h2><\/div><div class=\"fusion-text fusion-text-2\"><p>When visiting our website, you are not required to provide any personal information. We only collect personal data (name, email, phone number) if you send us an email, which is considered voluntarily provided by visitors for commercial purposes, including sending campaigns and promotions, news, or responding to inquiries and information requests.<br \/>\nAdditionally, and only if a commercial proposal is approved, we may request the tax identification number, name, phone number, email of the contact person, and billing address.<br \/>\nAs the data subject, you have the right to access, rectify, and delete your personal data at any time by expressly manifesting your will through the following means:<br \/>\n* By email sent to <a href=\"mailto:edicoesuv@fanzine.pt\">edicoesuv@fanzine.pt<\/a>;<br \/>\n* By phone contact at <a href=\"tel:+351918801889\">+351 918 801 889<\/a><br \/>\n* By letter addressed to Edi\u00e7\u00f5es UV, Rua da Creche, n\u00ba 16, 1\u00ba andar, 3830-592 Gafanha Da Nazar\u00e9, \u00cdlhavo<\/p>\n<\/div><div class=\"fusion-title title fusion-title-3 fusion-sep-none fusion-title-text fusion-title-size-two\" style=\"--awb-margin-top:40px;--awb-margin-bottom:20px;--awb-margin-top-small:40px;--awb-margin-bottom-small:20px;--awb-margin-top-medium:40px;--awb-margin-bottom-medium:20px;\"><h2 class=\"fusion-title-heading title-heading-left\" style=\"margin:0;\">PURPOSE<\/h2><\/div><div class=\"fusion-text fusion-text-3\"><p>Edi\u00e7\u00f5es UV, Unipessoal Lda collects personal data on its website for the purpose of commercial proposals (quotations) as well as other commercial interactions previously mentioned.<br \/>\nIn the case of email contact, consent may also be requested for sending newsletters with our campaigns, promotions, news, and other services.<br \/>\nYou may revoke this consent at any time by contacting us through any of the means described above.<\/p>\n<\/div><div class=\"fusion-title title fusion-title-4 fusion-sep-none fusion-title-text fusion-title-size-two\" style=\"--awb-margin-top:40px;--awb-margin-bottom:20px;--awb-margin-top-small:40px;--awb-margin-bottom-small:20px;--awb-margin-top-medium:40px;--awb-margin-bottom-medium:20px;\"><h2 class=\"fusion-title-heading title-heading-left\" style=\"margin:0;\">DATA RETENTION PERIOD<\/h2><\/div><div class=\"fusion-text fusion-text-4\"><p>Data is kept while there is a commercial relationship between Edi\u00e7\u00f5es UV, Unipessoal Lda and the data subject. If no commercial relationship exists, data will be stored in our systems for 10 years.<\/p>\n<\/div><div class=\"fusion-title title fusion-title-5 fusion-sep-none fusion-title-text fusion-title-size-two\" style=\"--awb-margin-top:40px;--awb-margin-bottom:20px;--awb-margin-top-small:40px;--awb-margin-bottom-small:20px;--awb-margin-top-medium:40px;--awb-margin-bottom-medium:20px;\"><h2 class=\"fusion-title-heading title-heading-left\" style=\"margin:0;\">DATA RECIPIENTS<\/h2><\/div><div class=\"fusion-text fusion-text-5\"><p>Edi\u00e7\u00f5es UV, Unipessoal Lda is the sole entity responsible for processing the personal data collected under this Privacy Policy. Personal data will not be shared with external entities.<\/p>\n<\/div><div class=\"fusion-menu-anchor\" id=\"termos-e-condicoes\"><\/div><div class=\"fusion-title title fusion-title-6 fusion-sep-none fusion-title-text fusion-title-size-two\" style=\"--awb-margin-top:40px;--awb-margin-bottom:20px;--awb-margin-top-small:40px;--awb-margin-bottom-small:20px;--awb-margin-top-medium:40px;--awb-margin-bottom-medium:20px;\"><h2 class=\"fusion-title-heading title-heading-left\" style=\"margin:0;\">DATA SUBJECTS\u2019 RIGHTS<\/h2><\/div><div class=\"fusion-text fusion-text-6\"><p>Data subjects may access, rectify, or request permanent deletion of their data by submitting a written request to our contacts.<br \/>\nThey may also file a formal complaint with the competent authority, which in Portugal is the CNPD (Comiss\u00e3o Nacional de Prote\u00e7\u00e3o de Dados). More information here: <a href=\"https:\/\/www.cnpd.pt\">https:\/\/www.cnpd.pt<\/a>.<\/p>\n<\/div><div class=\"fusion-title title fusion-title-7 fusion-sep-none fusion-title-text fusion-title-size-two\" style=\"--awb-margin-top:40px;--awb-margin-bottom:20px;--awb-margin-top-small:40px;--awb-margin-bottom-small:20px;--awb-margin-top-medium:40px;--awb-margin-bottom-medium:20px;\"><h2 class=\"fusion-title-heading title-heading-left\" style=\"margin:0;\">DATA SECURITY<\/h2><\/div><div class=\"fusion-text fusion-text-7\"><p>UV Editions, Unipessoal Lda is concerned with protecting your personal data while you use its website. To this end, it uses security and protection systems.<br \/>\nIt is, however, your responsibility to ensure that the computer you use is also protected against computer viruses and other harmful programs.<\/p>\n<p>The data is stored in databases with backups, properly protected and with restricted access. Communications between the data subject and our website, where the data is collected, are encrypted through the secure HTTPS protocol.<\/p>\n<\/div><div class=\"fusion-title title fusion-title-8 fusion-sep-none fusion-title-text fusion-title-size-two\" style=\"--awb-margin-top:40px;--awb-margin-bottom:20px;--awb-margin-top-small:40px;--awb-margin-bottom-small:20px;--awb-margin-top-medium:40px;--awb-margin-bottom-medium:20px;\"><h2 class=\"fusion-title-heading title-heading-left\" style=\"margin:0;\">USE OF COOKIES (WEBSITE)<\/h2><\/div><div class=\"fusion-text fusion-text-8\"><p>UV Editions, Unipessoal Lda uses cookies on its website to improve performance and your user experience.<br \/>\nCookies are small information files that are stored on your computer, tablet, phone, or other device with internet access, through the browser. The information retained by cookies is re-sent to the site\u2019s server whenever the browser opens one of its pages. Cookies help determine the usefulness, interest, and uses of a site, allowing faster and more efficient navigation. They prevent repeated entry of the same information.<x id=\"gid_1\"><\/x>Cookies collect generic information related to users\u2019 preferences, for example, how they use the page, etc., allowing the system to remember browsing features or preferences from previous sessions.<x id=\"gid_2\"><\/x>These cookies allow us to monitor the performance of our web page by analyzing how users use it. We can quickly identify and fix any problems, continuously providing a high-quality experience with a personalized offer.<br \/>\nMost areas of our web page work without cookies; however, restricting or blocking them may cause difficulties accessing some of our features or receiving personalized information.<br \/>\nThese cookies are neither invasive nor harmful and do not contain personal information.<br \/>\nIf your internet browser is set to accept cookies, when you visit our web page, we consider that you are accepting our cookie policy.<\/p>\n<\/div><div class=\"fusion-title title fusion-title-9 fusion-sep-none fusion-title-text fusion-title-size-two\" style=\"--awb-margin-top:40px;--awb-margin-bottom:20px;--awb-margin-top-small:40px;--awb-margin-bottom-small:20px;--awb-margin-top-medium:40px;--awb-margin-bottom-medium:20px;\"><h2 class=\"fusion-title-heading title-heading-left\" style=\"margin:0;\">ADDRESS<\/h2><\/div><div class=\"fusion-text fusion-text-9\"><p>Rua da Creche, n\u00ba 16, 1st floor, 3830-592 Gafanha Da Nazar\u00e9, \u00cdlhavo<\/p>\n<\/div><div class=\"fusion-title title fusion-title-10 fusion-sep-none fusion-title-text fusion-title-size-two\" style=\"--awb-margin-top:40px;--awb-margin-bottom:20px;--awb-margin-top-small:40px;--awb-margin-bottom-small:20px;--awb-margin-top-medium:40px;--awb-margin-bottom-medium:20px;\"><h2 class=\"fusion-title-heading title-heading-left\" style=\"margin:0;\">CONTACTS<\/h2><\/div><div class=\"fusion-text fusion-text-10\"><p><a href=\"tel:+351918801889\">+351 918 801 889<\/a><br \/>\nedicoesuv@fanzine.pt<\/p>\n<\/div><div class=\"fusion-title title fusion-title-11 fusion-sep-none fusion-title-text fusion-title-size-one\" style=\"--awb-margin-top:60px;--awb-margin-bottom:20px;--awb-margin-top-small:60px;--awb-margin-bottom-small:20px;--awb-margin-top-medium:60px;--awb-margin-bottom-medium:20px;\"><h1 class=\"fusion-title-heading title-heading-left\" style=\"margin:0;\">CHANGES TO THIS PRIVACY POLICY<\/h1><\/div><div class=\"fusion-text fusion-text-11\"><p>UV Editions, Unipessoal Lda may update this Privacy Policy. For this reason, you should periodically review this Privacy Policy to stay informed about how to help protect the personal data we collect. The use of the service constitutes acceptance of the terms of this Privacy Policy and any updates.<\/p>\n<\/div><div class=\"fusion-title title fusion-title-12 fusion-sep-none fusion-title-text fusion-title-size-two\" style=\"--awb-margin-top:40px;--awb-margin-bottom:20px;--awb-margin-top-small:40px;--awb-margin-bottom-small:20px;--awb-margin-top-medium:40px;--awb-margin-bottom-medium:20px;\"><h2 class=\"fusion-title-heading title-heading-left\" style=\"margin:0;\">ALTERNATIVE DISPUTE RESOLUTION<\/h2><\/div><div class=\"fusion-text fusion-text-12\"><p>In case of dispute, the consumer may resort to an Alternative Dispute Resolution entity for consumer disputes: National Center for Consumer Conflict Information and Arbitration, 213 564 650, <a href=\"https:\/\/www.consumidor.gov.pt\/\">https:\/\/www.consumidor.gov.pt\/<\/a>.<\/p>\n<\/div><\/div><\/div><\/div><\/div>\n","protected":false},"excerpt":{"rendered":"","protected":false},"author":1,"featured_media":5695,"parent":0,"menu_order":0,"comment_status":"closed","ping_status":"closed","template":"","meta":{"footnotes":""},"class_list":["post-8077","page","type-page","status-publish","has-post-thumbnail","hentry"],"_links":{"self":[{"href":"https:\/\/fanzine.pt\/en\/wp-json\/wp\/v2\/pages\/8077","targetHints":{"allow":["GET"]}}],"collection":[{"href":"https:\/\/fanzine.pt\/en\/wp-json\/wp\/v2\/pages"}],"about":[{"href":"https:\/\/fanzine.pt\/en\/wp-json\/wp\/v2\/types\/page"}],"author":[{"embeddable":true,"href":"https:\/\/fanzine.pt\/en\/wp-json\/wp\/v2\/users\/1"}],"replies":[{"embeddable":true,"href":"https:\/\/fanzine.pt\/en\/wp-json\/wp\/v2\/comments?post=8077"}],"version-history":[{"count":5,"href":"https:\/\/fanzine.pt\/en\/wp-json\/wp\/v2\/pages\/8077\/revisions"}],"predecessor-version":[{"id":8675,"href":"https:\/\/fanzine.pt\/en\/wp-json\/wp\/v2\/pages\/8077\/revisions\/8675"}],"wp:featuredmedia":[{"embeddable":true,"href":"https:\/\/fanzine.pt\/en\/wp-json\/wp\/v2\/media\/5695"}],"wp:attachment":[{"href":"https:\/\/fanzine.pt\/en\/wp-json\/wp\/v2\/media?parent=8077"}],"curies":[{"name":"wp","href":"https:\/\/api.w.org\/{rel}","templated":true}]}}